{"id":3118,"date":"2014-09-14T09:20:02","date_gmt":"2014-09-14T09:20:02","guid":{"rendered":"http:\/\/localhost\/final-leisure\/?page_id=15"},"modified":"2022-05-27T12:20:04","modified_gmt":"2022-05-27T17:20:04","slug":"eventos","status":"publish","type":"page","link":"https:\/\/www.warmyhotel.pe\/index.php\/eventos\/","title":{"rendered":"Eventos"},"content":{"rendered":"[vc_row][vc_column width=\u00bb1\/2&#8243;][vc_column_text]\n<h3>EVENTOS<\/h3>\n<p>Durante la estad\u00eda podr\u00e1s ser participe de diversos eventos que estaremos anunciando en esta secci\u00f3n.<\/p>\n<h3>GRAN OPENING<\/h3>\n<p>Muy pronto anunciaremos nuestro primer evento, GRAND OPENING Warmy Hotel donde contaremos con un cocktail, m\u00fasica en vivo e invitados especiales.<br \/>\n[\/vc_column_text][\/vc_column][vc_column width=\u00bb1\/2&#8243;][vc_single_image image=\u00bb4692&#8243; img_size=\u00bbfull\u00bb alignment=\u00bbcenter\u00bb][\/vc_column][\/vc_row]\n","protected":false},"excerpt":{"rendered":"<p>[vc_row][vc_column width=\u00bb1\/2&#8243;][vc_column_text] EVENTOS Durante la estad\u00eda podr\u00e1s ser participe de diversos eventos que estaremos anunciando en esta secci\u00f3n. GRAN OPENING [&hellip;]<\/p>\n","protected":false},"author":1,"featured_media":0,"parent":0,"menu_order":0,"comment_status":"open","ping_status":"open","template":"","meta":{"footnotes":""},"class_list":["post-3118","page","type-page","status-publish","hentry"],"_links":{"self":[{"href":"https:\/\/www.warmyhotel.pe\/index.php\/wp-json\/wp\/v2\/pages\/3118","targetHints":{"allow":["GET"]}}],"collection":[{"href":"https:\/\/www.warmyhotel.pe\/index.php\/wp-json\/wp\/v2\/pages"}],"about":[{"href":"https:\/\/www.warmyhotel.pe\/index.php\/wp-json\/wp\/v2\/types\/page"}],"author":[{"embeddable":true,"href":"https:\/\/www.warmyhotel.pe\/index.php\/wp-json\/wp\/v2\/users\/1"}],"replies":[{"embeddable":true,"href":"https:\/\/www.warmyhotel.pe\/index.php\/wp-json\/wp\/v2\/comments?post=3118"}],"version-history":[{"count":5,"href":"https:\/\/www.warmyhotel.pe\/index.php\/wp-json\/wp\/v2\/pages\/3118\/revisions"}],"predecessor-version":[{"id":4694,"href":"https:\/\/www.warmyhotel.pe\/index.php\/wp-json\/wp\/v2\/pages\/3118\/revisions\/4694"}],"wp:attachment":[{"href":"https:\/\/www.warmyhotel.pe\/index.php\/wp-json\/wp\/v2\/media?parent=3118"}],"curies":[{"name":"wp","href":"https:\/\/api.w.org\/{rel}","templated":true}]}}