{"id":4573,"date":"2022-05-22T14:14:50","date_gmt":"2022-05-22T19:14:50","guid":{"rendered":"https:\/\/www.encuentrotodo.com.ve\/hotel\/?page_id=4573"},"modified":"2022-05-23T11:11:06","modified_gmt":"2022-05-23T16:11:06","slug":"tu-hogar-en-huaral","status":"publish","type":"page","link":"https:\/\/www.warmyhotel.pe\/index.php\/tu-hogar-en-huaral\/","title":{"rendered":"Tu Hogar en Huaral"},"content":{"rendered":"[vc_row][vc_column width=\u00bb1\/2&#8243;][vc_column_text]\n<p style=\"color: #fff; text-align: justify;\">Como se le conoce popularmente, es el establecimiento hotelero m\u00e1s nuevo y emblem\u00e1tico de Huaral.<\/p>\n<p style=\"color: #fff; text-align: justify;\">Est\u00e1 situado a 5 minutos del centro de la ciudad, en la famosa ruta gastron\u00f3mica de la comida t\u00edpica de la Provincia de Huaral.<\/p>\n<p style=\"color: #fff; text-align: justify;\">Pertenece al reconocido Grupo Warmy y por su marcada historia y personalidad es su mejor carta de presentaci\u00f3n.<\/p>\n<p style=\"color: #fff; text-align: justify;\">Este hotel de tres estrellas dispone de 9 habitaciones simples, 3 suites y 6 suites junior con vista a la campi\u00f1a y a la cordillera, todas ellas con un toque distintivo y personal relacionada a la Cultura Cuchimilco, equipadas con ventiladores de torres ba\u00f1o, ducha, jacuzzi, televisi\u00f3n con cable, tel\u00e9fono, y conexi\u00f3n WIFI de calidad superior para garantizar su confort.Adem\u00e1s, disponen de caja fuerte de seguridad y mini bar a petici\u00f3n de uso personal.<\/p>\n<p style=\"color: #fff; text-align: justify;\">En nuestra cafeter\u00eda \u201cLa magia Roja\u201d usted podr\u00e1 disfrutar de nuestro famoso y tradicional desayuno Huaralino y del desayuno americano que viene incluido en el servicio de Hospedaje, adem\u00e1s disponemos de una gran variedad de platos a la carta, que podr\u00e1 degustar en cualquier momento, Asimismo en el Restaurante Ramadita campestre Warmy de Pepe y Laura, podr\u00e1 disfrutar de nuestro reconocido Chancho al Palo, Pato en Aj\u00ed, Caja China, Chancho al cilindro entre otros manjares de Do\u00f1a Laura.<\/p>\n<p style=\"color: #fff; text-align: justify;\">El hotel tambi\u00e9n ofrece \u00e1reas de esparcimiento como Piscina, Cancha de Fulbito, Juegos para ni\u00f1os y Cochera donde presentando la tarjeta del parking sellada por nuestro Hotel, se les aplican una tarifa del 100% de descuento.<\/p>\n[\/vc_column_text][\/vc_column][vc_column width=\u00bb1\/2&#8243;][vc_single_image image=\u00bb4606&#8243; img_size=\u00bb347&#215;550&#8243; css_animation=\u00bbfadeInRight\u00bb][\/vc_column][\/vc_row]\n","protected":false},"excerpt":{"rendered":"<p>[vc_row][vc_column width=\u00bb1\/2&#8243;][vc_column_text] Como se le conoce popularmente, es el establecimiento hotelero m\u00e1s nuevo y emblem\u00e1tico de Huaral. Est\u00e1 situado a [&hellip;]<\/p>\n","protected":false},"author":1,"featured_media":0,"parent":0,"menu_order":0,"comment_status":"closed","ping_status":"closed","template":"","meta":{"footnotes":""},"class_list":["post-4573","page","type-page","status-publish","hentry"],"_links":{"self":[{"href":"https:\/\/www.warmyhotel.pe\/index.php\/wp-json\/wp\/v2\/pages\/4573","targetHints":{"allow":["GET"]}}],"collection":[{"href":"https:\/\/www.warmyhotel.pe\/index.php\/wp-json\/wp\/v2\/pages"}],"about":[{"href":"https:\/\/www.warmyhotel.pe\/index.php\/wp-json\/wp\/v2\/types\/page"}],"author":[{"embeddable":true,"href":"https:\/\/www.warmyhotel.pe\/index.php\/wp-json\/wp\/v2\/users\/1"}],"replies":[{"embeddable":true,"href":"https:\/\/www.warmyhotel.pe\/index.php\/wp-json\/wp\/v2\/comments?post=4573"}],"version-history":[{"count":12,"href":"https:\/\/www.warmyhotel.pe\/index.php\/wp-json\/wp\/v2\/pages\/4573\/revisions"}],"predecessor-version":[{"id":4610,"href":"https:\/\/www.warmyhotel.pe\/index.php\/wp-json\/wp\/v2\/pages\/4573\/revisions\/4610"}],"wp:attachment":[{"href":"https:\/\/www.warmyhotel.pe\/index.php\/wp-json\/wp\/v2\/media?parent=4573"}],"curies":[{"name":"wp","href":"https:\/\/api.w.org\/{rel}","templated":true}]}}