{"id":4635,"date":"2022-05-24T21:37:44","date_gmt":"2022-05-25T02:37:44","guid":{"rendered":"https:\/\/www.warmyhotel.pe\/v\/?page_id=4635"},"modified":"2022-06-12T20:28:19","modified_gmt":"2022-06-13T01:28:19","slug":"restaurante","status":"publish","type":"page","link":"https:\/\/www.warmyhotel.pe\/index.php\/restaurante\/","title":{"rendered":"Restaurante"},"content":{"rendered":"[vc_row][vc_column width=\u00bb1\/2&#8243;][vc_column_text]\n<p class=\"lead\">En El Restaurante Ramadita Campestre Warmy de Pepe y Laura, podr\u00e1s disfrutar de nuestro reconocido Chancho al Palo, Pato en Aj\u00ed, Caja China, Chancho al cilindro entre otros manjares de Do\u00f1a Laura.<\/p>\n[\/vc_column_text][vc_btn title=\u00bbVisita la web del restaurante aqu\u00ed\u00bb style=\u00bb3d\u00bb color=\u00bbsuccess\u00bb link=\u00bburl:https%3A%2F%2Fwww.warmy.com.pe%2F|target:_blank\u00bb][\/vc_column][vc_column width=\u00bb1\/2&#8243;][vc_single_image image=\u00bb4841&#8243; img_size=\u00bblarge\u00bb][\/vc_column][\/vc_row]\n","protected":false},"excerpt":{"rendered":"<p>[vc_row][vc_column width=\u00bb1\/2&#8243;][vc_column_text] En El Restaurante Ramadita Campestre Warmy de Pepe y Laura, podr\u00e1s disfrutar de nuestro reconocido Chancho al Palo, [&hellip;]<\/p>\n","protected":false},"author":1,"featured_media":0,"parent":0,"menu_order":0,"comment_status":"closed","ping_status":"closed","template":"","meta":{"footnotes":""},"class_list":["post-4635","page","type-page","status-publish","hentry"],"_links":{"self":[{"href":"https:\/\/www.warmyhotel.pe\/index.php\/wp-json\/wp\/v2\/pages\/4635","targetHints":{"allow":["GET"]}}],"collection":[{"href":"https:\/\/www.warmyhotel.pe\/index.php\/wp-json\/wp\/v2\/pages"}],"about":[{"href":"https:\/\/www.warmyhotel.pe\/index.php\/wp-json\/wp\/v2\/types\/page"}],"author":[{"embeddable":true,"href":"https:\/\/www.warmyhotel.pe\/index.php\/wp-json\/wp\/v2\/users\/1"}],"replies":[{"embeddable":true,"href":"https:\/\/www.warmyhotel.pe\/index.php\/wp-json\/wp\/v2\/comments?post=4635"}],"version-history":[{"count":16,"href":"https:\/\/www.warmyhotel.pe\/index.php\/wp-json\/wp\/v2\/pages\/4635\/revisions"}],"predecessor-version":[{"id":4849,"href":"https:\/\/www.warmyhotel.pe\/index.php\/wp-json\/wp\/v2\/pages\/4635\/revisions\/4849"}],"wp:attachment":[{"href":"https:\/\/www.warmyhotel.pe\/index.php\/wp-json\/wp\/v2\/media?parent=4635"}],"curies":[{"name":"wp","href":"https:\/\/api.w.org\/{rel}","templated":true}]}}