{"id":4646,"date":"2022-05-24T22:17:25","date_gmt":"2022-05-25T03:17:25","guid":{"rendered":"https:\/\/www.warmyhotel.pe\/v\/?page_id=4646"},"modified":"2022-06-12T18:51:30","modified_gmt":"2022-06-12T23:51:30","slug":"piscina-areas-verdes-zoo","status":"publish","type":"page","link":"https:\/\/www.warmyhotel.pe\/index.php\/piscina-areas-verdes-zoo\/","title":{"rendered":"Piscina &#8211; \u00c1reas Verdes &#8211; Zoo"},"content":{"rendered":"[vc_row][vc_column width=\u00bb1\/2&#8243;][vc_text_separator title=\u00bbZOO\u00bb][vc_column_text]\n<p class=\"lead\">Contamos con un mini zoologico de uso exclusivo para nuestros hu\u00e9spedes donde encontraran diversos animalitos de nuestra fauna peruana<\/p>\n[\/vc_column_text][\/vc_column][vc_column width=\u00bb1\/2&#8243;][vc_single_image image=\u00bb4642&#8243; img_size=\u00bbmedium\u00bb alignment=\u00bbcenter\u00bb][\/vc_column][\/vc_row][vc_row][vc_column width=\u00bb1\/2&#8243;][vc_text_separator title=\u00bbPISCINA\u00bb][vc_column_text]\n<p class=\"lead\">Tenemos una piscina de 300 m2 con las certificaciones de salubridad al d\u00eda, aqu\u00ed podr\u00e1s disfrutar de la cocina rustica, de la piscina de uso exclusivo para nuestros hu\u00e9spedes<\/p>\n[\/vc_column_text][\/vc_column][vc_column width=\u00bb1\/2&#8243;][vc_single_image image=\u00bb4641&#8243; img_size=\u00bbmedium\u00bb alignment=\u00bbcenter\u00bb][\/vc_column][\/vc_row][vc_row][vc_column width=\u00bb1\/2&#8243;][vc_text_separator title=\u00bbPARQUE INFANTIL\u00bb][vc_column_text]\n<p class=\"lead\">Para los mas peque\u00f1os de la casa te ofrecemos un amplio parque con diversas atracciones<\/p>\n[\/vc_column_text][\/vc_column][vc_column width=\u00bb1\/2&#8243;][vc_single_image image=\u00bb4831&#8243; img_size=\u00bbmedium\u00bb alignment=\u00bbcenter\u00bb][\/vc_column][\/vc_row][vc_row][vc_column width=\u00bb1\/2&#8243;][vc_text_separator title=\u00bbCANCHA DE FUTBOLITO\u00bb][vc_column_text]\n<p class=\"lead\">Disfruta la emoci\u00f3n de un partido de futbol en nuestra canchita con grama, y participa en nuestros campeonatos Warmy.<\/p>\n[\/vc_column_text][\/vc_column][vc_column width=\u00bb1\/2&#8243;][vc_single_image image=\u00bb4659&#8243; img_size=\u00bbmedium\u00bb alignment=\u00bbcenter\u00bb][\/vc_column][\/vc_row]\n","protected":false},"excerpt":{"rendered":"<p>[vc_row][vc_column width=\u00bb1\/2&#8243;][vc_text_separator title=\u00bbZOO\u00bb][vc_column_text] Contamos con un mini zoologico de uso exclusivo para nuestros hu\u00e9spedes donde encontraran diversos animalitos de nuestra [&hellip;]<\/p>\n","protected":false},"author":1,"featured_media":0,"parent":0,"menu_order":0,"comment_status":"closed","ping_status":"closed","template":"","meta":{"footnotes":""},"class_list":["post-4646","page","type-page","status-publish","hentry"],"_links":{"self":[{"href":"https:\/\/www.warmyhotel.pe\/index.php\/wp-json\/wp\/v2\/pages\/4646","targetHints":{"allow":["GET"]}}],"collection":[{"href":"https:\/\/www.warmyhotel.pe\/index.php\/wp-json\/wp\/v2\/pages"}],"about":[{"href":"https:\/\/www.warmyhotel.pe\/index.php\/wp-json\/wp\/v2\/types\/page"}],"author":[{"embeddable":true,"href":"https:\/\/www.warmyhotel.pe\/index.php\/wp-json\/wp\/v2\/users\/1"}],"replies":[{"embeddable":true,"href":"https:\/\/www.warmyhotel.pe\/index.php\/wp-json\/wp\/v2\/comments?post=4646"}],"version-history":[{"count":18,"href":"https:\/\/www.warmyhotel.pe\/index.php\/wp-json\/wp\/v2\/pages\/4646\/revisions"}],"predecessor-version":[{"id":4834,"href":"https:\/\/www.warmyhotel.pe\/index.php\/wp-json\/wp\/v2\/pages\/4646\/revisions\/4834"}],"wp:attachment":[{"href":"https:\/\/www.warmyhotel.pe\/index.php\/wp-json\/wp\/v2\/media?parent=4646"}],"curies":[{"name":"wp","href":"https:\/\/api.w.org\/{rel}","templated":true}]}}